{"id":6417,"date":"2023-08-14T21:51:24","date_gmt":"2023-08-14T21:51:24","guid":{"rendered":"https:\/\/kreafilm.ro\/?page_id=6417"},"modified":"2026-03-25T09:51:49","modified_gmt":"2026-03-25T09:51:49","slug":"contact","status":"publish","type":"page","link":"https:\/\/kreafilm.ro\/en\/contact\/","title":{"rendered":"Contact Kreafilm"},"content":{"rendered":"\t\t<div data-elementor-type=\"wp-post\" data-elementor-id=\"6417\" class=\"elementor elementor-6417\" data-elementor-post-type=\"page\">\n\t\t\t\t\t\t<section class=\"elementor-section elementor-top-section elementor-element elementor-element-52d3b69e envato-kit-141-top-0 elementor-section-content-middle elementor-section-boxed elementor-section-height-default elementor-section-height-default\" data-id=\"52d3b69e\" data-element_type=\"section\" data-e-type=\"section\" data-settings=\"{&quot;background_background&quot;:&quot;classic&quot;}\">\n\t\t\t\t\t\t\t<div class=\"elementor-background-overlay\"><\/div>\n\t\t\t\t\t\t\t<div class=\"elementor-container elementor-column-gap-default\">\n\t\t\t\t\t<div class=\"elementor-column elementor-col-100 elementor-top-column elementor-element elementor-element-65ccf2aa envato-kit-141-newsletter-inline\" data-id=\"65ccf2aa\" data-element_type=\"column\" data-e-type=\"column\" data-settings=\"{&quot;background_background&quot;:&quot;classic&quot;,&quot;animation&quot;:&quot;none&quot;,&quot;animation_delay&quot;:200}\">\n\t\t\t<div class=\"elementor-widget-wrap elementor-element-populated\">\n\t\t\t\t\t\t<div class=\"elementor-element elementor-element-67ee26e elementor-widget elementor-widget-heading\" data-id=\"67ee26e\" data-element_type=\"widget\" data-e-type=\"widget\" data-widget_type=\"heading.default\">\n\t\t\t\t<div class=\"elementor-widget-container\">\n\t\t\t\t\t<h3 class=\"elementor-heading-title elementor-size-default\">Hai s\u0103 lucr\u0103m \u00eempreun\u0103!<\/h3>\t\t\t\t<\/div>\n\t\t\t\t<\/div>\n\t\t\t\t<div class=\"elementor-element elementor-element-37d45545 elementor-widget-divider--view-line elementor-widget elementor-widget-divider\" data-id=\"37d45545\" data-element_type=\"widget\" data-e-type=\"widget\" data-widget_type=\"divider.default\">\n\t\t\t\t<div class=\"elementor-widget-container\">\n\t\t\t\t\t\t\t<div class=\"elementor-divider\">\n\t\t\t<span class=\"elementor-divider-separator\">\n\t\t\t\t\t\t<\/span>\n\t\t<\/div>\n\t\t\t\t\t\t<\/div>\n\t\t\t\t<\/div>\n\t\t\t\t<section class=\"elementor-section elementor-inner-section elementor-element elementor-element-63dfe1d elementor-reverse-mobile elementor-section-boxed elementor-section-height-default elementor-section-height-default\" data-id=\"63dfe1d\" data-element_type=\"section\" data-e-type=\"section\">\n\t\t\t\t\t\t<div class=\"elementor-container elementor-column-gap-default\">\n\t\t\t\t\t<div class=\"elementor-column elementor-col-50 elementor-inner-column elementor-element elementor-element-c63dce8\" data-id=\"c63dce8\" data-element_type=\"column\" data-e-type=\"column\" data-settings=\"{&quot;background_background&quot;:&quot;classic&quot;}\">\n\t\t\t<div class=\"elementor-widget-wrap elementor-element-populated\">\n\t\t\t\t\t\t<div class=\"elementor-element elementor-element-bb0e923 elementor-widget elementor-widget-text-editor\" data-id=\"bb0e923\" data-element_type=\"widget\" data-e-type=\"widget\" data-widget_type=\"text-editor.default\">\n\t\t\t\t<div class=\"elementor-widget-container\">\n\t\t\t\t\t\t\t\t\t<h3>Email<\/h3><p><a href=\"mailto:contact@kreafilm.ro\">contact@kreafilm.ro<\/a><\/p><h3>Telefon<\/h3><p><a href=\"tel:+40740998967\">0740.998.967<\/a> \u00a0<br \/><a href=\"tel:+40757074967\">0757.074.967<\/a><\/p><h3>Loca\u021bii<\/h3><p>Bucure\u0219ti | Bra\u0219ov | Timi\u0219oara<\/p>\t\t\t\t\t\t\t\t<\/div>\n\t\t\t\t<\/div>\n\t\t\t\t\t<\/div>\n\t\t<\/div>\n\t\t\t\t<div class=\"elementor-column elementor-col-50 elementor-inner-column elementor-element elementor-element-d1d3ca4\" data-id=\"d1d3ca4\" data-element_type=\"column\" data-e-type=\"column\">\n\t\t\t<div class=\"elementor-widget-wrap elementor-element-populated\">\n\t\t\t\t\t\t<div class=\"elementor-element elementor-element-748a0ea0 btn-lead elementor-button-align-stretch elementor-widget elementor-widget-form\" data-id=\"748a0ea0\" data-element_type=\"widget\" data-e-type=\"widget\" data-settings=\"{&quot;step_next_label&quot;:&quot;Urm\\u0103torul&quot;,&quot;step_previous_label&quot;:&quot;\\u00cenapoi&quot;,&quot;step_type&quot;:&quot;number_text&quot;,&quot;step_icon_shape&quot;:&quot;circle&quot;}\" data-widget_type=\"form.default\">\n\t\t\t\t<div class=\"elementor-widget-container\">\n\t\t\t\t\t\t\t<form class=\"elementor-form\" method=\"post\" name=\"Contact-form-kreafilm-elementor\" aria-label=\"Contact-form-kreafilm-elementor\">\n\t\t\t<input type=\"hidden\" name=\"post_id\" value=\"6417\"\/>\n\t\t\t<input type=\"hidden\" name=\"form_id\" value=\"748a0ea0\"\/>\n\t\t\t<input type=\"hidden\" name=\"referer_title\" value=\"Contact Kreafilm - Agen\u021bie de Produc\u021bie Video \u0219i Video Marketing\" \/>\n\n\t\t\t\t\t\t\t<input type=\"hidden\" name=\"queried_id\" value=\"6417\"\/>\n\t\t\t\n\t\t\t<div class=\"elementor-form-fields-wrapper elementor-labels-above\">\n\t\t\t\t\t\t\t\t<div class=\"elementor-field-type-text elementor-field-group elementor-column elementor-field-group-email elementor-col-100 elementor-field-required elementor-mark-required\">\n\t\t\t\t\t\t\t\t\t\t\t\t\t<input size=\"1\" type=\"text\" name=\"form_fields[email]\" id=\"form-field-email\" class=\"elementor-field elementor-size-md  elementor-field-textual\" placeholder=\"Nume\" required=\"required\">\n\t\t\t\t\t\t\t\t\t\t\t<\/div>\n\t\t\t\t\t\t\t\t<div class=\"elementor-field-type-email elementor-field-group elementor-column elementor-field-group-6850d19 elementor-col-100 elementor-field-required elementor-mark-required\">\n\t\t\t\t\t\t\t\t\t\t\t\t\t<input size=\"1\" type=\"email\" name=\"form_fields[6850d19]\" id=\"form-field-6850d19\" class=\"elementor-field elementor-size-md  elementor-field-textual\" placeholder=\"Email\" required=\"required\">\n\t\t\t\t\t\t\t\t\t\t\t<\/div>\n\t\t\t\t\t\t\t\t<div class=\"elementor-field-type-tel elementor-field-group elementor-column elementor-field-group-field_e5e2021 elementor-col-100 elementor-field-required elementor-mark-required\">\n\t\t\t\t\t\t\t<input size=\"1\" type=\"tel\" name=\"form_fields[field_e5e2021]\" id=\"form-field-field_e5e2021\" class=\"elementor-field elementor-size-md  elementor-field-textual\" placeholder=\"Telefon\" required=\"required\" pattern=\"[0-9()#&amp;+*-=.]+\" title=\"Telefon\">\n\n\t\t\t\t\t\t<\/div>\n\t\t\t\t\t\t\t\t<div class=\"elementor-field-type-text elementor-field-group elementor-column elementor-field-group-field_71edece elementor-col-100 elementor-field-required elementor-mark-required\">\n\t\t\t\t\t\t\t\t\t\t\t\t\t<input size=\"1\" type=\"text\" name=\"form_fields[field_71edece]\" id=\"form-field-field_71edece\" class=\"elementor-field elementor-size-md  elementor-field-textual\" placeholder=\"Website\" required=\"required\">\n\t\t\t\t\t\t\t\t\t\t\t<\/div>\n\t\t\t\t\t\t\t\t<div class=\"elementor-field-type-text elementor-field-group elementor-column elementor-field-group-field_4e5c04e elementor-col-100 elementor-field-required elementor-mark-required\">\n\t\t\t\t\t\t\t\t\t\t\t\t\t<input size=\"1\" type=\"text\" name=\"form_fields[field_4e5c04e]\" id=\"form-field-field_4e5c04e\" class=\"elementor-field elementor-size-md  elementor-field-textual\" placeholder=\"Ora\u0219\/Localitate\" required=\"required\">\n\t\t\t\t\t\t\t\t\t\t\t<\/div>\n\t\t\t\t\t\t\t\t<div class=\"elementor-field-type-text elementor-field-group elementor-column elementor-field-group-field_0aa8b20 elementor-col-100 elementor-field-required elementor-mark-required\">\n\t\t\t\t\t\t\t\t\t\t\t\t\t<input size=\"1\" type=\"text\" name=\"form_fields[field_0aa8b20]\" id=\"form-field-field_0aa8b20\" class=\"elementor-field elementor-size-md  elementor-field-textual\" placeholder=\"CUI Firm\u0103\" required=\"required\">\n\t\t\t\t\t\t\t\t\t\t\t<\/div>\n\t\t\t\t\t\t\t\t<div class=\"elementor-field-type-textarea elementor-field-group elementor-column elementor-field-group-da6d553 elementor-col-100\">\n\t\t\t\t\t<textarea class=\"elementor-field-textual elementor-field  elementor-size-md\" name=\"form_fields[da6d553]\" id=\"form-field-da6d553\" rows=\"4\" placeholder=\"Mesaj\"><\/textarea>\t\t\t\t<\/div>\n\t\t\t\t\t\t\t\t<div class=\"elementor-field-type-acceptance elementor-field-group elementor-column elementor-field-group-field_5e0febb elementor-col-100\">\n\t\t\t\t\t\t\t<div class=\"elementor-field-subgroup\">\n\t\t\t<span class=\"elementor-field-option\">\n\t\t\t\t<input type=\"checkbox\" name=\"form_fields[field_5e0febb]\" id=\"form-field-field_5e0febb\" class=\"elementor-field elementor-size-md  elementor-acceptance-field\">\n\t\t\t\t<label for=\"form-field-field_5e0febb\">Da, sunt de acord s\u0103 fiu contactat de Kreafilm cu nout\u0103\u021bi pe email.<\/label>\t\t\t<\/span>\n\t\t<\/div>\n\t\t\t\t\t\t<\/div>\n\t\t\t\t\t\t\t\t<div class=\"elementor-field-group elementor-column elementor-field-type-submit elementor-col-100 e-form__buttons\">\n\t\t\t\t\t<button class=\"elementor-button elementor-size-md\" type=\"submit\">\n\t\t\t\t\t\t<span class=\"elementor-button-content-wrapper\">\n\t\t\t\t\t\t\t\t\t\t\t\t\t\t\t\t\t\t\t\t\t\t<span class=\"elementor-button-text\">Trimite<\/span>\n\t\t\t\t\t\t\t\t\t\t\t\t\t<\/span>\n\t\t\t\t\t<\/button>\n\t\t\t\t<\/div>\n\t\t\t<\/div>\n\t\t<\/form>\n\t\t\t\t\t\t<\/div>\n\t\t\t\t<\/div>\n\t\t\t\t\t<\/div>\n\t\t<\/div>\n\t\t\t\t\t<\/div>\n\t\t<\/section>\n\t\t\t\t\t<\/div>\n\t\t<\/div>\n\t\t\t\t\t<\/div>\n\t\t<\/section>\n\t\t\t\t<\/div>\n\t\t","protected":false},"excerpt":{"rendered":"<p>Hai s\u0103 lucr\u0103m \u00eempreun\u0103! Email contact@kreafilm.ro Telefon 0740.998.967 \u00a00757.074.967 Loca\u021bii Bucure\u0219ti | Bra\u0219ov | Timi\u0219oara<\/p>","protected":false},"author":2,"featured_media":0,"parent":0,"menu_order":0,"comment_status":"closed","ping_status":"closed","template":"","meta":{"_uag_custom_page_level_css":"","site-sidebar-layout":"no-sidebar","site-content-layout":"page-builder","ast-site-content-layout":"full-width-container","site-content-style":"unboxed","site-sidebar-style":"unboxed","ast-global-header-display":"","ast-banner-title-visibility":"","ast-main-header-display":"","ast-hfb-above-header-display":"","ast-hfb-below-header-display":"","ast-hfb-mobile-header-display":"","site-post-title":"disabled","ast-breadcrumbs-content":"","ast-featured-img":"disabled","footer-sml-layout":"","ast-disable-related-posts":"","theme-transparent-header-meta":"enabled","adv-header-id-meta":"","stick-header-meta":"","header-above-stick-meta":"","header-main-stick-meta":"","header-below-stick-meta":"","astra-migrate-meta-layouts":"set","ast-page-background-enabled":"default","ast-page-background-meta":{"desktop":{"background-color":"","background-image":"","background-repeat":"repeat","background-position":"center center","background-size":"auto","background-attachment":"scroll","background-type":"","background-media":"","overlay-type":"","overlay-color":"","overlay-opacity":"","overlay-gradient":""},"tablet":{"background-color":"","background-image":"","background-repeat":"repeat","background-position":"center center","background-size":"auto","background-attachment":"scroll","background-type":"","background-media":"","overlay-type":"","overlay-color":"","overlay-opacity":"","overlay-gradient":""},"mobile":{"background-color":"","background-image":"","background-repeat":"repeat","background-position":"center center","background-size":"auto","background-attachment":"scroll","background-type":"","background-media":"","overlay-type":"","overlay-color":"","overlay-opacity":"","overlay-gradient":""}},"ast-content-background-meta":{"desktop":{"background-color":"var(--ast-global-color-5)","background-image":"","background-repeat":"repeat","background-position":"center center","background-size":"auto","background-attachment":"scroll","background-type":"","background-media":"","overlay-type":"","overlay-color":"","overlay-opacity":"","overlay-gradient":""},"tablet":{"background-color":"var(--ast-global-color-5)","background-image":"","background-repeat":"repeat","background-position":"center center","background-size":"auto","background-attachment":"scroll","background-type":"","background-media":"","overlay-type":"","overlay-color":"","overlay-opacity":"","overlay-gradient":""},"mobile":{"background-color":"var(--ast-global-color-5)","background-image":"","background-repeat":"repeat","background-position":"center center","background-size":"auto","background-attachment":"scroll","background-type":"","background-media":"","overlay-type":"","overlay-color":"","overlay-opacity":"","overlay-gradient":""}},"footnotes":""},"class_list":["post-6417","page","type-page","status-publish","hentry"],"yoast_head":"<!-- This site is optimized with the Yoast SEO plugin v27.4 - https:\/\/yoast.com\/product\/yoast-seo-wordpress\/ -->\n<title>Contact Kreafilm - Agen\u021bie de Produc\u021bie Video \u0219i Video Marketing<\/title>\n<meta name=\"robots\" content=\"index, follow, max-snippet:-1, max-image-preview:large, max-video-preview:-1\" \/>\n<link rel=\"canonical\" href=\"https:\/\/kreafilm.ro\/en\/contact\/\" \/>\n<meta property=\"og:locale\" content=\"en_US\" \/>\n<meta property=\"og:type\" content=\"article\" \/>\n<meta property=\"og:title\" content=\"Contact Kreafilm - Agen\u021bie de Produc\u021bie Video \u0219i Video Marketing\" \/>\n<meta property=\"og:description\" content=\"Hai s\u0103 lucr\u0103m \u00eempreun\u0103! Email contact@kreafilm.ro Telefon 0740.998.967 \u00a00757.074.967 Loca\u021bii Bucure\u0219ti | Bra\u0219ov | Timi\u0219oara\" \/>\n<meta property=\"og:url\" content=\"https:\/\/kreafilm.ro\/en\/contact\/\" \/>\n<meta property=\"og:site_name\" content=\"Agen\u021bie de Produc\u021bie Video \u0219i Video Marketing\" \/>\n<meta property=\"article:publisher\" content=\"https:\/\/www.facebook.com\/kreafilm.ro\" \/>\n<meta property=\"article:modified_time\" content=\"2026-03-25T09:51:49+00:00\" \/>\n<meta name=\"twitter:card\" content=\"summary_large_image\" \/>\n<meta name=\"twitter:label1\" content=\"Est. reading time\" \/>\n\t<meta name=\"twitter:data1\" content=\"1 minute\" \/>\n<script type=\"application\/ld+json\" class=\"yoast-schema-graph\">{\"@context\":\"https:\\\/\\\/schema.org\",\"@graph\":[{\"@type\":\"WebPage\",\"@id\":\"https:\\\/\\\/kreafilm.ro\\\/contact\\\/\",\"url\":\"https:\\\/\\\/kreafilm.ro\\\/contact\\\/\",\"name\":\"Contact Kreafilm - Agen\u021bie de Produc\u021bie Video \u0219i Video Marketing\",\"isPartOf\":{\"@id\":\"https:\\\/\\\/kreafilm.ro\\\/#website\"},\"datePublished\":\"2023-08-14T21:51:24+00:00\",\"dateModified\":\"2026-03-25T09:51:49+00:00\",\"breadcrumb\":{\"@id\":\"https:\\\/\\\/kreafilm.ro\\\/contact\\\/#breadcrumb\"},\"inLanguage\":\"en-US\",\"potentialAction\":[{\"@type\":\"ReadAction\",\"target\":[\"https:\\\/\\\/kreafilm.ro\\\/contact\\\/\"]}]},{\"@type\":\"BreadcrumbList\",\"@id\":\"https:\\\/\\\/kreafilm.ro\\\/contact\\\/#breadcrumb\",\"itemListElement\":[{\"@type\":\"ListItem\",\"position\":1,\"name\":\"Home\",\"item\":\"https:\\\/\\\/kreafilm.ro\\\/\"},{\"@type\":\"ListItem\",\"position\":2,\"name\":\"Contact Kreafilm\"}]},{\"@type\":\"WebSite\",\"@id\":\"https:\\\/\\\/kreafilm.ro\\\/#website\",\"url\":\"https:\\\/\\\/kreafilm.ro\\\/\",\"name\":\"Agen\u021bie de Produc\u021bie Video \u0219i Video Marketing din Timi\u0219oara\",\"description\":\"Kreafilm\",\"publisher\":{\"@id\":\"https:\\\/\\\/kreafilm.ro\\\/#organization\"},\"potentialAction\":[{\"@type\":\"SearchAction\",\"target\":{\"@type\":\"EntryPoint\",\"urlTemplate\":\"https:\\\/\\\/kreafilm.ro\\\/?s={search_term_string}\"},\"query-input\":{\"@type\":\"PropertyValueSpecification\",\"valueRequired\":true,\"valueName\":\"search_term_string\"}}],\"inLanguage\":\"en-US\"},{\"@type\":\"Organization\",\"@id\":\"https:\\\/\\\/kreafilm.ro\\\/#organization\",\"name\":\"Kreafilm\",\"url\":\"https:\\\/\\\/kreafilm.ro\\\/\",\"logo\":{\"@type\":\"ImageObject\",\"inLanguage\":\"en-US\",\"@id\":\"https:\\\/\\\/kreafilm.ro\\\/#\\\/schema\\\/logo\\\/image\\\/\",\"url\":\"https:\\\/\\\/kreafilm.ro\\\/wp-content\\\/uploads\\\/2021\\\/01\\\/Logo-Kreafilm-mail-semnatura.png\",\"contentUrl\":\"https:\\\/\\\/kreafilm.ro\\\/wp-content\\\/uploads\\\/2021\\\/01\\\/Logo-Kreafilm-mail-semnatura.png\",\"width\":2061,\"height\":444,\"caption\":\"Kreafilm\"},\"image\":{\"@id\":\"https:\\\/\\\/kreafilm.ro\\\/#\\\/schema\\\/logo\\\/image\\\/\"},\"sameAs\":[\"https:\\\/\\\/www.facebook.com\\\/kreafilm.ro\",\"https:\\\/\\\/www.instagram.com\\\/kreafilm.ro\\\/\"]}]}<\/script>\n<!-- \/ Yoast SEO plugin. -->","yoast_head_json":{"title":"Contact Kreafilm - Agen\u021bie de Produc\u021bie Video \u0219i Video Marketing","robots":{"index":"index","follow":"follow","max-snippet":"max-snippet:-1","max-image-preview":"max-image-preview:large","max-video-preview":"max-video-preview:-1"},"canonical":"https:\/\/kreafilm.ro\/en\/contact\/","og_locale":"en_US","og_type":"article","og_title":"Contact Kreafilm - Agen\u021bie de Produc\u021bie Video \u0219i Video Marketing","og_description":"Hai s\u0103 lucr\u0103m \u00eempreun\u0103! Email contact@kreafilm.ro Telefon 0740.998.967 \u00a00757.074.967 Loca\u021bii Bucure\u0219ti | Bra\u0219ov | Timi\u0219oara","og_url":"https:\/\/kreafilm.ro\/en\/contact\/","og_site_name":"Agen\u021bie de Produc\u021bie Video \u0219i Video Marketing","article_publisher":"https:\/\/www.facebook.com\/kreafilm.ro","article_modified_time":"2026-03-25T09:51:49+00:00","twitter_card":"summary_large_image","twitter_misc":{"Est. reading time":"1 minute"},"schema":{"@context":"https:\/\/schema.org","@graph":[{"@type":"WebPage","@id":"https:\/\/kreafilm.ro\/contact\/","url":"https:\/\/kreafilm.ro\/contact\/","name":"Contact Kreafilm - Agen\u021bie de Produc\u021bie Video \u0219i Video Marketing","isPartOf":{"@id":"https:\/\/kreafilm.ro\/#website"},"datePublished":"2023-08-14T21:51:24+00:00","dateModified":"2026-03-25T09:51:49+00:00","breadcrumb":{"@id":"https:\/\/kreafilm.ro\/contact\/#breadcrumb"},"inLanguage":"en-US","potentialAction":[{"@type":"ReadAction","target":["https:\/\/kreafilm.ro\/contact\/"]}]},{"@type":"BreadcrumbList","@id":"https:\/\/kreafilm.ro\/contact\/#breadcrumb","itemListElement":[{"@type":"ListItem","position":1,"name":"Home","item":"https:\/\/kreafilm.ro\/"},{"@type":"ListItem","position":2,"name":"Contact Kreafilm"}]},{"@type":"WebSite","@id":"https:\/\/kreafilm.ro\/#website","url":"https:\/\/kreafilm.ro\/","name":"Agen\u021bie de Produc\u021bie Video \u0219i Video Marketing din Timi\u0219oara","description":"Kreafilm","publisher":{"@id":"https:\/\/kreafilm.ro\/#organization"},"potentialAction":[{"@type":"SearchAction","target":{"@type":"EntryPoint","urlTemplate":"https:\/\/kreafilm.ro\/?s={search_term_string}"},"query-input":{"@type":"PropertyValueSpecification","valueRequired":true,"valueName":"search_term_string"}}],"inLanguage":"en-US"},{"@type":"Organization","@id":"https:\/\/kreafilm.ro\/#organization","name":"Kreafilm","url":"https:\/\/kreafilm.ro\/","logo":{"@type":"ImageObject","inLanguage":"en-US","@id":"https:\/\/kreafilm.ro\/#\/schema\/logo\/image\/","url":"https:\/\/kreafilm.ro\/wp-content\/uploads\/2021\/01\/Logo-Kreafilm-mail-semnatura.png","contentUrl":"https:\/\/kreafilm.ro\/wp-content\/uploads\/2021\/01\/Logo-Kreafilm-mail-semnatura.png","width":2061,"height":444,"caption":"Kreafilm"},"image":{"@id":"https:\/\/kreafilm.ro\/#\/schema\/logo\/image\/"},"sameAs":["https:\/\/www.facebook.com\/kreafilm.ro","https:\/\/www.instagram.com\/kreafilm.ro\/"]}]}},"uagb_featured_image_src":{"full":false,"thumbnail":false,"medium":false,"medium_large":false,"large":false,"1536x1536":false,"2048x2048":false,"trp-custom-language-flag":false},"uagb_author_info":{"display_name":"Kreafilm","author_link":"https:\/\/kreafilm.ro\/en\/author\/cosmincimil\/"},"uagb_comment_info":0,"uagb_excerpt":"Hai s\u0103 lucr\u0103m \u00eempreun\u0103! Email contact@kreafilm.ro Telefon 0740.998.967 \u00a00757.074.967 Loca\u021bii Bucure\u0219ti | Bra\u0219ov | Timi\u0219oara","_links":{"self":[{"href":"https:\/\/kreafilm.ro\/en\/wp-json\/wp\/v2\/pages\/6417","targetHints":{"allow":["GET"]}}],"collection":[{"href":"https:\/\/kreafilm.ro\/en\/wp-json\/wp\/v2\/pages"}],"about":[{"href":"https:\/\/kreafilm.ro\/en\/wp-json\/wp\/v2\/types\/page"}],"author":[{"embeddable":true,"href":"https:\/\/kreafilm.ro\/en\/wp-json\/wp\/v2\/users\/2"}],"replies":[{"embeddable":true,"href":"https:\/\/kreafilm.ro\/en\/wp-json\/wp\/v2\/comments?post=6417"}],"version-history":[{"count":93,"href":"https:\/\/kreafilm.ro\/en\/wp-json\/wp\/v2\/pages\/6417\/revisions"}],"predecessor-version":[{"id":9344,"href":"https:\/\/kreafilm.ro\/en\/wp-json\/wp\/v2\/pages\/6417\/revisions\/9344"}],"wp:attachment":[{"href":"https:\/\/kreafilm.ro\/en\/wp-json\/wp\/v2\/media?parent=6417"}],"curies":[{"name":"wp","href":"https:\/\/api.w.org\/{rel}","templated":true}]}}